{"id":1859,"date":"2022-08-08T14:14:13","date_gmt":"2022-08-08T12:14:13","guid":{"rendered":"https:\/\/buesche.de\/datenschutz\/"},"modified":"2022-09-26T13:55:12","modified_gmt":"2022-09-26T11:55:12","slug":"datenschutz","status":"publish","type":"page","link":"https:\/\/buesche.likemachines.dev\/en\/datenschutz\/","title":{"rendered":"PRIVACY POLICY"},"content":{"rendered":"<p><strong>Data protection officer<\/strong><\/p>\n<p>H. B\u00fcsche GmbH &amp; Co. KG<br \/>\nNeue M\u00fchle 4, 58809 Neuenrade<br \/>\nPhone: +49 (0)2392 \/ 69090<br \/>\nMail: mail@buesche.de<\/p>\n<p>&nbsp;<\/p>\n<p><strong>Basic<\/strong><\/p>\n<p>We take data protection according to DSGVO very seriously!<br \/>\nThis privacy policy is intended to inform the users of this website about the nature, scope and purpose of the collection and use of personal data by the website operator H. B\u00dcSCHE GmbH &amp; Co. KG &#8211; datenschutz@buesche.de.<br \/>\nIn order to comply with data protection in any form, we employ a data protection officer who can be reached at the e-mail datenschutz@buesche.de.<\/p>\n<p>The website operator takes your data protection very seriously and treats your personal data confidentially and in accordance with the legal regulations. Since new technologies and the continuous development of this website may result in changes to this privacy policy, we recommend that you read through the privacy policy again at regular intervals.<br \/>\nDefinitions of the terms used (e.g. &#8220;personal data&#8221; or &#8220;processing&#8221;) can be found in Art. 4 DSGVO.<\/p>\n<p>&nbsp;<\/p>\n<p><strong>Access data<\/strong><\/p>\n<p>We, the website operator or page provider, collect data about accesses to the website on the basis of our legitimate interest (see Art. 6 para. 1 lit. f. DSGVO) and store them as &#8220;server log files&#8221; on the website server. The following data is logged in this way:<br \/>\nWebsites visited<br \/>\nDate at the time of access<br \/>\nAmount of data sent in bytes<br \/>\nSource\/reference from which you reached the site<br \/>\nBrowser used<br \/>\nOperating system used<br \/>\nThe data collected is only used for statistical analysis and to improve the website. However, the website operator reserves the right to check the server log files retrospectively if there are concrete indications of illegal use.<\/p>\n<p>&nbsp;<\/p>\n<p><strong>Cookies<\/strong><\/p>\n<p>This website uses cookies. These are small text files that are stored on your terminal device. Your browser accesses these files. The use of cookies increases the usability and security of this website.<br \/>\nCommon browsers offer the setting option to not allow cookies. Note: It is not guaranteed that you will be able to access all functions of this website without restrictions if you make the appropriate settings.<br \/>\nWe use the following cookies:<\/p>\n<table>\n<tbody>\n<tr>\n<th>Cookie Name<\/th>\n<th>Function<\/th>\n<th>Duration of storage<\/th>\n<\/tr>\n<tr>\n<td>wp-wpml_current_language<\/td>\n<td>Stores the current language. This cookie is enabled by default on websites that use the language filtering feature for AJAX operations.<\/td>\n<td>Session<\/td>\n<\/tr>\n<tr>\n<td>cmplz_banner-status<\/td>\n<td>Saves whether the cookie banner was rejected.<\/td>\n<td>1 Jahr<\/td>\n<\/tr>\n<tr>\n<td>cmplz_preferences<\/td>\n<td>Saves the cookie settings<\/td>\n<td>1 Jahr<\/td>\n<\/tr>\n<tr>\n<td>cmplz_statistics<\/td>\n<td>Saves the cookie settings<\/td>\n<td>1 Jahr<\/td>\n<\/tr>\n<tr>\n<td>cmplz_policy_id<\/td>\n<td>Saves the accepted cookie policy ID<\/td>\n<td>1 Jahr<\/td>\n<\/tr>\n<tr>\n<td>cmplz_consented_services<\/td>\n<td>Saves the cookie settings<\/td>\n<td>1 Jahr<\/td>\n<\/tr>\n<tr>\n<td>cmplz_functional<\/td>\n<td>Saves the cookie settings<\/td>\n<td>1 Jahr<\/td>\n<\/tr>\n<tr>\n<td>cmplz_marketing<\/td>\n<td>Saves the cookie settings<\/td>\n<td>1 Jahr<\/td>\n<\/tr>\n<tr>\n<td>wordpress_test_cookie<\/td>\n<td>Test cookie whether cookies can be set<\/td>\n<td>Session<\/td>\n<\/tr>\n<tr>\n<td>wordpress_logged_in_*<\/td>\n<td>Saves the logged in user<\/td>\n<td>Session<\/td>\n<\/tr>\n<\/tbody>\n<\/table>\n<p>&nbsp;<\/p>\n<p><strong>Social media plugins<\/strong><\/p>\n<p>We do not use social media plugins such as Facebook plugins, Google Plus plugins or Twitter plugins on this website.<\/p>\n<p>&nbsp;<\/p>\n<p><strong>Google Analytics and Fonts<\/strong><\/p>\n<p>We do not use Google Analytics and Fonts on this website (current notice).<\/p>\n<p>&nbsp;<\/p>\n<p><strong>Newsletter<\/strong><\/p>\n<p>If you subscribe to our company&#8217;s newsletter, the data in the respective input mask will be transmitted to the controller.<br \/>\nThe registration for our newsletter takes place in a so-called double opt-in procedure. I.e. after registration, you will receive an e-mail asking you to confirm your registration. This confirmation is necessary so that no one can register with foreign e-mail addresses. When registering for the newsletter, the IP address of the user and the date and time of registration as well as first name, last name, e-mail, male, or female are stored. This serves to prevent misuse of the services or the e-mail address of the person concerned. The data is not passed on to third parties. An exception exists if there is a legal obligation to pass on the data. The data is used exclusively for sending the newsletter. The subscription to the newsletter can be cancelled by the data subject at any time. Likewise, consent to the storage of personal data can be revoked at any time. For this purpose, a corresponding link can be found in each newsletter. The legal basis for the processing of the data after registration for the newsletter by the user is, if the user has given his consent, Art. 6 para. 1 lit. a) DSGVO. The legal basis for sending the newsletter as a result of the sale of goods or services is Section 7 (3) UWG.<\/p>\n<p>Use of rapidmail<br \/>\nDescription and purpose: We use rapidmail to send newsletters. The provider is rapidmail GmbH, Wentzingerstra\u00dfe, 21, 79106 Freiburg, Germany. Among other things, rapidmail is used to organize and analyze the dispatch of newsletters. The data you enter for the purpose of receiving the newsletter is stored on rapidmail&#8217;s servers in Germany. If you do not want any analysis by rapidmail, you must unsubscribe from the newsletter. For this purpose, we provide a corresponding link in every newsletter message. Furthermore, you can also unsubscribe from the newsletter directly on the website. For the purpose of analysis, the e-mails sent with rapidmail contain a so-called tracking pixel, which connects to the servers of rapidmail when the e-mail is opened. In this way, it can be determined whether a newsletter message has been opened. Furthermore, with the help of rapidmail, we can determine whether and which links in the newsletter message are clicked. All links in the e-mail are so-called tracking links, with which your clicks can be counted.\u00a0Depending on the font with which the respective newsletter is designed, a connection to external servers such as Google Fonts takes place with data transfer to third countries such as the USA.<br \/>\nLegal basis: The legal basis for the data processing is Art. 6 para. 1 lit. a) DSGVO, your explicit consent.<\/p>\n<p>Recipient: The recipient of the data is rapidmail GmbH.<br \/>\nTransmission to third countries: A transfer of primary data to third countries does not take place.<br \/>\nDuration: The data stored by us within the scope of your consent for the purpose of the newsletter will be stored by us until you unsubscribe from the newsletter and will be deleted from our servers as well as from the servers of rapidmail after you unsubscribe from the newsletter. Data stored by us for other purposes (e.g. e-mail addresses for the member area) remain unaffected by this.<br \/>\nPossibility of revocation: You have the possibility to revoke your consent to data processing with effect for the future at any time. The legality of the data processing operations already carried out remains unaffected by the revocation.<br \/>\nFurther data protection information: For more details, please refer to the data security notices of rapidmail at: https:\/\/www.rapidmail.de\/datensicherheit. For more details on the analysis functions of rapidmail, please refer to the following link: https:\/\/www.rapidmail.de\/wissen-und-hilfe<\/p>\n<p>&nbsp;<\/p>\n<p><strong>Use of Youtube<\/strong><\/p>\n<p>Description and purpose<br \/>\nWe use the YouTube.com platform to post our own videos and make them publicly available. YouTube is the service of Google LLC, 1600 Amphitheatre Parkway Mountain View, CA 94043, USA. Some Internet pages of our offer contain links or connections to the YouTube offer. In general, we are not responsible for the content of linked websites. In the event that you follow a link to YouTube, however, we would like to point out that YouTube stores the data of its users (e.g. personal information, IP address) in accordance with its own data usage guidelines and uses it for business purposes. We also directly embed videos stored on YouTube on some of our web pages. With this integration, content from the YouTube website is displayed in parts of a browser window. However, the YouTube videos are only called up by clicking on them separately. This technique is also called &#8220;framing&#8221;. When you call up a (sub-)page of our website on which YouTube videos are embedded in this form, a connection is established to the YouTube servers and the content is displayed on the website by informing your browser.<\/p>\n<p>Legal basis: The legal basis for the processing of personal data is consent pursuant to Art. 6 (1) a) DSGVO in conjunction with Art. 49 (1) a) DSGVO &#8211; obtaining your consent!<br \/>\nRecipient: The recipient is Google LLC, 1600 Amphitheatre Parkway Mountain View, CA 94043, USA.<br \/>\nTransfer to third countries:\u00a0A transfer of data to the USA takes place. This is exactly why your consent is requested here!<br \/>\nDuration of data storage: The data is deleted as soon as it is no longer required to achieve the purpose for which it was collected. Furthermore, the data will be deleted if you revoke your consent or request the deletion of the personal data.<br \/>\nOption to object: You have the option to revoke your consent to data processing at any time. A revocation does not affect the validity of past data processing operations.<br \/>\nContractual or legal obligation<br \/>\nThere is no contractual or legal obligation for the provision of data.<br \/>\nFurther data protection information via link<br \/>\nhttps:\/\/policies.google.com\/privacy<\/p>\n<p>&nbsp;<\/p>\n<p><strong>Protected download area<\/strong><\/p>\n<p>If you would like to get access to our protected download area, please contact mail@buesche.de. The H. B\u00dcSCHE GmbH &amp; Co. KG will assign you a user name and a password. The user name and password can be withdrawn from the user at any time.<\/p>\n<p>&nbsp;<\/p>\n<p><strong>Use of SSL encryption<\/strong><\/p>\n<p>For security reasons and to protect the transmission of confidential content that you send to us as a website operator, we use a so-called SSL encryption. You can recognize this by the display in the address line in the browser, which changes from http:\/\/ to https:\/\/ and by a lock symbol. This means that the data you send to us cannot be read by third parties.<br \/>\nData at B\u00fcsche for contact and user data<br \/>\nAll collected data, which will also be used later in the house of B\u00fcsche, will be managed according to the best technical and organizational methods according to DSGVO!<\/p>\n<p>&nbsp;<\/p>\n<p><strong>Collection and processing of personal data<\/strong><\/p>\n<p>The website operator collects, uses and discloses your personal data only if this is permitted by law or if you consent to the collection of such data.<br \/>\nPersonal data is any information that can be used to identify you and can be traced back to you &#8211; for example, your name, e-mail address and telephone number.<br \/>\nYou can also visit this website without providing any personal information. However, in order to improve our online services, we store (without personal reference) your access data to this website. This access data includes, for example, the file you requested or the name of your Internet provider. By anonymizing the data, it is not possible to draw conclusions about your person.<\/p>\n<p>&nbsp;<\/p>\n<p><strong>Handling of contact data<\/strong><\/p>\n<p>If you contact the website operator using the contact options provided, your details will be stored so that they can be used to process and respond to your inquiry. Without your consent, this data will not be disclosed to third parties.<\/p>\n<p>&nbsp;<\/p>\n<h3>Rights of the user<\/h3>\n<p><strong>Duty to provide information<\/strong><\/p>\n<p>As a user, you have the right to receive, upon request and free of charge, information about what personal data has been stored about you. You also have the right to have incorrect data corrected and to have your personal data processed restricted or deleted. If applicable, you may also exercise your right to data portability. If you believe that your data has been processed unlawfully, you may lodge a complaint with the relevant supervisory authority.<\/p>\n<p><strong>Deletion of data<\/strong><\/p>\n<p>Unless your request conflicts with a legal obligation to retain data (e.g. data retention), you have a right to have your data deleted. Data stored by us will be deleted if it is no longer required for its intended purpose and there are no legal retention periods. If deletion cannot be carried out because the data is required for permissible legal purposes, data processing will be restricted. In this case, the data will be blocked and not processed for other purposes.<\/p>\n<p><strong>Right of objection<\/strong><\/p>\n<p>Users of this website may exercise their right to object to the processing of their personal data at any time.<br \/>\nIf you wish to correct, block, delete or obtain information about the personal data stored about you, or if you have any questions regarding the collection, processing or use of your personal data, or if you wish to withdraw your consent, please contact the following e-mail address: datenschutz@buesche.de.<\/p>\n<p>&nbsp;<\/p>\n<p><strong>General contact for all data protection concerns: datenschutz@buesche.de<\/strong><\/p>\n<p>&nbsp;<\/p>\n<p><strong>Competent supervisory authority:<\/strong><\/p>\n<p>State Commissioner for Data Protection and Freedom of Information of North Rhine-Westphalia www.ldi.nrw.de<\/p>\n<p>&nbsp;<\/p>\n<p>&nbsp;<\/p>\n","protected":false},"excerpt":{"rendered":"<p>Data protection officer H. B\u00fcsche GmbH &amp; Co. KG Neue M\u00fchle 4, 58809 Neuenrade Phone: +49 (0)2392 \/ 69090 Mail: mail@buesche.de &nbsp; Basic We take data protection according to DSGVO very seriously! This privacy policy is intended to inform the users of this website about the nature, scope and purpose of the collection and use [&hellip;]<\/p>\n","protected":false},"author":1,"featured_media":0,"parent":0,"menu_order":0,"comment_status":"closed","ping_status":"closed","template":"","meta":{"_acf_changed":false,"footnotes":""},"class_list":["post-1859","page","type-page","status-publish","hentry"],"acf":[],"yoast_head":"<!-- This site is optimized with the Yoast SEO plugin v27.3 - https:\/\/yoast.com\/product\/yoast-seo-wordpress\/ -->\n<title>PRIVACY POLICY - B\u00fcsche<\/title>\n<meta name=\"robots\" content=\"noindex, follow, max-snippet:-1, max-image-preview:large, max-video-preview:-1\" \/>\n<meta property=\"og:locale\" content=\"en_US\" \/>\n<meta property=\"og:type\" content=\"article\" \/>\n<meta property=\"og:title\" content=\"PRIVACY POLICY - B\u00fcsche\" \/>\n<meta property=\"og:description\" content=\"Data protection officer H. B\u00fcsche GmbH &amp; Co. KG Neue M\u00fchle 4, 58809 Neuenrade Phone: +49 (0)2392 \/ 69090 Mail: mail@buesche.de &nbsp; Basic We take data protection according to DSGVO very seriously! This privacy policy is intended to inform the users of this website about the nature, scope and purpose of the collection and use [&hellip;]\" \/>\n<meta property=\"og:url\" content=\"https:\/\/buesche.likemachines.dev\/en\/datenschutz\/\" \/>\n<meta property=\"og:site_name\" content=\"B\u00fcsche\" \/>\n<meta property=\"article:publisher\" content=\"https:\/\/www.facebook.com\/HBuescheGmbH\/\" \/>\n<meta property=\"article:modified_time\" content=\"2022-09-26T11:55:12+00:00\" \/>\n<meta name=\"twitter:card\" content=\"summary_large_image\" \/>\n<meta name=\"twitter:label1\" content=\"Est. reading time\" \/>\n\t<meta name=\"twitter:data1\" content=\"12 minutes\" \/>\n<script type=\"application\/ld+json\" class=\"yoast-schema-graph\">{\"@context\":\"https:\\\/\\\/schema.org\",\"@graph\":[{\"@type\":\"WebPage\",\"@id\":\"https:\\\/\\\/buesche.likemachines.dev\\\/en\\\/datenschutz\\\/\",\"url\":\"https:\\\/\\\/buesche.likemachines.dev\\\/en\\\/datenschutz\\\/\",\"name\":\"PRIVACY POLICY - B\u00fcsche\",\"isPartOf\":{\"@id\":\"https:\\\/\\\/buesche.likemachines.dev\\\/#website\"},\"datePublished\":\"2022-08-08T12:14:13+00:00\",\"dateModified\":\"2022-09-26T11:55:12+00:00\",\"breadcrumb\":{\"@id\":\"https:\\\/\\\/buesche.likemachines.dev\\\/en\\\/datenschutz\\\/#breadcrumb\"},\"inLanguage\":\"en-US\",\"potentialAction\":[{\"@type\":\"ReadAction\",\"target\":[\"https:\\\/\\\/buesche.likemachines.dev\\\/en\\\/datenschutz\\\/\"]}]},{\"@type\":\"BreadcrumbList\",\"@id\":\"https:\\\/\\\/buesche.likemachines.dev\\\/en\\\/datenschutz\\\/#breadcrumb\",\"itemListElement\":[{\"@type\":\"ListItem\",\"position\":1,\"name\":\"Startseite\",\"item\":\"https:\\\/\\\/buesche.likemachines.dev\\\/en\\\/\"},{\"@type\":\"ListItem\",\"position\":2,\"name\":\"PRIVACY POLICY\"}]},{\"@type\":\"WebSite\",\"@id\":\"https:\\\/\\\/buesche.likemachines.dev\\\/#website\",\"url\":\"https:\\\/\\\/buesche.likemachines.dev\\\/\",\"name\":\"B\u00fcsche\",\"description\":\"Hochwertige Vorhanggarnituren\",\"potentialAction\":[{\"@type\":\"SearchAction\",\"target\":{\"@type\":\"EntryPoint\",\"urlTemplate\":\"https:\\\/\\\/buesche.likemachines.dev\\\/?s={search_term_string}\"},\"query-input\":{\"@type\":\"PropertyValueSpecification\",\"valueRequired\":true,\"valueName\":\"search_term_string\"}}],\"inLanguage\":\"en-US\"}]}<\/script>\n<!-- \/ Yoast SEO plugin. -->","yoast_head_json":{"title":"PRIVACY POLICY - B\u00fcsche","robots":{"index":"noindex","follow":"follow","max-snippet":"max-snippet:-1","max-image-preview":"max-image-preview:large","max-video-preview":"max-video-preview:-1"},"og_locale":"en_US","og_type":"article","og_title":"PRIVACY POLICY - B\u00fcsche","og_description":"Data protection officer H. B\u00fcsche GmbH &amp; Co. KG Neue M\u00fchle 4, 58809 Neuenrade Phone: +49 (0)2392 \/ 69090 Mail: mail@buesche.de &nbsp; Basic We take data protection according to DSGVO very seriously! This privacy policy is intended to inform the users of this website about the nature, scope and purpose of the collection and use [&hellip;]","og_url":"https:\/\/buesche.likemachines.dev\/en\/datenschutz\/","og_site_name":"B\u00fcsche","article_publisher":"https:\/\/www.facebook.com\/HBuescheGmbH\/","article_modified_time":"2022-09-26T11:55:12+00:00","twitter_card":"summary_large_image","twitter_misc":{"Est. reading time":"12 minutes"},"schema":{"@context":"https:\/\/schema.org","@graph":[{"@type":"WebPage","@id":"https:\/\/buesche.likemachines.dev\/en\/datenschutz\/","url":"https:\/\/buesche.likemachines.dev\/en\/datenschutz\/","name":"PRIVACY POLICY - B\u00fcsche","isPartOf":{"@id":"https:\/\/buesche.likemachines.dev\/#website"},"datePublished":"2022-08-08T12:14:13+00:00","dateModified":"2022-09-26T11:55:12+00:00","breadcrumb":{"@id":"https:\/\/buesche.likemachines.dev\/en\/datenschutz\/#breadcrumb"},"inLanguage":"en-US","potentialAction":[{"@type":"ReadAction","target":["https:\/\/buesche.likemachines.dev\/en\/datenschutz\/"]}]},{"@type":"BreadcrumbList","@id":"https:\/\/buesche.likemachines.dev\/en\/datenschutz\/#breadcrumb","itemListElement":[{"@type":"ListItem","position":1,"name":"Startseite","item":"https:\/\/buesche.likemachines.dev\/en\/"},{"@type":"ListItem","position":2,"name":"PRIVACY POLICY"}]},{"@type":"WebSite","@id":"https:\/\/buesche.likemachines.dev\/#website","url":"https:\/\/buesche.likemachines.dev\/","name":"B\u00fcsche","description":"Hochwertige Vorhanggarnituren","potentialAction":[{"@type":"SearchAction","target":{"@type":"EntryPoint","urlTemplate":"https:\/\/buesche.likemachines.dev\/?s={search_term_string}"},"query-input":{"@type":"PropertyValueSpecification","valueRequired":true,"valueName":"search_term_string"}}],"inLanguage":"en-US"}]}},"_links":{"self":[{"href":"https:\/\/buesche.likemachines.dev\/en\/wp-json\/wp\/v2\/pages\/1859","targetHints":{"allow":["GET"]}}],"collection":[{"href":"https:\/\/buesche.likemachines.dev\/en\/wp-json\/wp\/v2\/pages"}],"about":[{"href":"https:\/\/buesche.likemachines.dev\/en\/wp-json\/wp\/v2\/types\/page"}],"author":[{"embeddable":true,"href":"https:\/\/buesche.likemachines.dev\/en\/wp-json\/wp\/v2\/users\/1"}],"replies":[{"embeddable":true,"href":"https:\/\/buesche.likemachines.dev\/en\/wp-json\/wp\/v2\/comments?post=1859"}],"version-history":[{"count":9,"href":"https:\/\/buesche.likemachines.dev\/en\/wp-json\/wp\/v2\/pages\/1859\/revisions"}],"predecessor-version":[{"id":2239,"href":"https:\/\/buesche.likemachines.dev\/en\/wp-json\/wp\/v2\/pages\/1859\/revisions\/2239"}],"wp:attachment":[{"href":"https:\/\/buesche.likemachines.dev\/en\/wp-json\/wp\/v2\/media?parent=1859"}],"curies":[{"name":"wp","href":"https:\/\/api.w.org\/{rel}","templated":true}]}}