{"id":3569,"date":"2022-08-08T14:14:13","date_gmt":"2022-08-08T12:14:13","guid":{"rendered":"https:\/\/buesche.de\/datenschutz\/"},"modified":"2026-03-31T13:18:14","modified_gmt":"2026-03-31T11:18:14","slug":"datenschutz","status":"publish","type":"page","link":"https:\/\/buesche.likemachines.dev\/it\/datenschutz\/","title":{"rendered":"DATENSCHUTZ IT"},"content":{"rendered":"<p><strong>Verantwortlicher im Datenschutz<\/strong><\/p>\n<p>H. B\u00fcsche GmbH &amp; Co. KG<br \/>\nAnschrift: Neue M\u00fchle 4, 58809 Neuenrade<br \/>\nTelefon: +49 (0)2392 \/ 69090<br \/>\nE-Mail: mail@buesche.de<\/p>\n<p>&nbsp;<\/p>\n<p><strong>Grundlegendes<\/strong><\/p>\n<p>Wir nehmen den Datenschutz nach DSGVO sehr ernst!<br \/>\nDiese Datenschutzerkl\u00e4rung soll die Nutzer dieser Website \u00fcber die Art, den Umfang und den Zweck der Erhebung und Verwendung personenbezogener Daten durch den Websitebetreiber H. B\u00dcSCHE GmbH &amp; Co. KG \u2013 datenschutz@buesche.de informieren.<br \/>\nUm den Datenschutz in jeglicher Form gerecht zu werden, setzen wir einen Datenschutzbeauftragten ein, der unter der E-Mail datenschutz@buesche.de zu erreichen ist.<\/p>\n<p>Der Websitebetreiber nimmt Ihren Datenschutz sehr ernst und behandelt Ihre personenbezogenen Daten vertraulich und entsprechend der gesetzlichen Vorschriften. Da durch neue Technologien und die st\u00e4ndige Weiterentwicklung dieser Webseite \u00c4nderungen an dieser Datenschutzerkl\u00e4rung vorgenommen werden k\u00f6nnen, empfehlen wir Ihnen sich die Datenschutzerkl\u00e4rung in regelm\u00e4\u00dfigen Abst\u00e4nden wieder durchzulesen.<br \/>\nDefinitionen der verwendeten Begriffe (z.B. \u201cpersonenbezogene Daten\u201d oder \u201cVerarbeitung\u201d) finden Sie in Art. 4 DSGVO.<\/p>\n<p>&nbsp;<\/p>\n<p><strong>Zugriffsdaten<\/strong><\/p>\n<p>Wir, der Websitebetreiber bzw. Seitenprovider, erheben aufgrund unseres berechtigten Interesses (s. Art. 6 Abs. 1 lit. f. DSGVO) Daten \u00fcber Zugriffe auf die Website und speichern diese als \u201cServer-Logfiles\u201d auf dem Server der Website ab. Folgende Daten werden so protokolliert:<br \/>\nBesuchte Websites<br \/>\nDatum zum Zeitpunkt des Zugriffes<br \/>\nMenge der gesendeten Daten in Byte<br \/>\nQuelle\/Verweis, von welchem Sie auf die Seite gelangten<br \/>\nVerwendeter Browser<br \/>\nVerwendetes Betriebssystem<br \/>\nDie erhobenen Daten dienen lediglich statistischen Auswertungen und zur Verbesserung der Website. Der Websitebetreiber beh\u00e4lt sich allerdings vor, die Server-Logfiles nachtr\u00e4glich zu \u00fcberpr\u00fcfen, sollten konkrete Anhaltspunkte auf eine rechtswidrige Nutzung hinweisen.<\/p>\n<p>&nbsp;<\/p>\n<p><strong>Cookies<\/strong><\/p>\n<p>Diese Website verwendet Cookies. Dabei handelt es sich um kleine Textdateien, welche auf Ihrem Endger\u00e4t gespeichert werden. Ihr Browser greift auf diese Dateien zu. Durch den Einsatz von Cookies erh\u00f6ht sich die Benutzerfreundlichkeit und Sicherheit dieser Website.<br \/>\nG\u00e4ngige Browser bieten die Einstellungsoption, Cookies nicht zuzulassen. Hinweis: Es ist nicht gew\u00e4hrleistet, dass Sie auf alle Funktionen dieser Website ohne Einschr\u00e4nkungen zugreifen k\u00f6nnen, wenn Sie entsprechende Einstellungen vornehmen.<br \/>\nFolgende Cookies verwenden wir:<\/p>\n<table>\n<tbody>\n<tr>\n<th>Cookie Name<\/th>\n<th>Zweck<\/th>\n<th>Dauer der Speicherung<\/th>\n<\/tr>\n<tr>\n<td>wp-wpml_current_language<\/td>\n<td>Speichert die aktuelle Sprache. Dieses Cookie ist standardm\u00e4\u00dfig auf Websites aktiviert, die die Funktion Sprachfilterung f\u00fcr AJAX-Operationen verwenden.<\/td>\n<td>Session<\/td>\n<\/tr>\n<tr>\n<td>cmplz_banner-status<\/td>\n<td>Speichert, ob der Cookie-Banner abgelehnt wurde.<\/td>\n<td>1 Jahr<\/td>\n<\/tr>\n<tr>\n<td>cmplz_preferences<\/td>\n<td>Speichert die Cookie Einstellungen<\/td>\n<td>1 Jahr<\/td>\n<\/tr>\n<tr>\n<td>cmplz_statistics<\/td>\n<td>Speichert die Cookie Einstellungen<\/td>\n<td>1 Jahr<\/td>\n<\/tr>\n<tr>\n<td>cmplz_policy_id<\/td>\n<td>Speichert die akzeptierte Cookie Policy ID<\/td>\n<td>1 Jahr<\/td>\n<\/tr>\n<tr>\n<td>cmplz_consented_services<\/td>\n<td>Speichert die Cookie Einstellungen<\/td>\n<td>1 Jahr<\/td>\n<\/tr>\n<tr>\n<td>cmplz_functional<\/td>\n<td>Speichert die Cookie Einstellungen<\/td>\n<td>1 Jahr<\/td>\n<\/tr>\n<tr>\n<td>cmplz_marketing<\/td>\n<td>Speichert die Cookie Einstellungen<\/td>\n<td>1 Jahr<\/td>\n<\/tr>\n<tr>\n<td>wordpress_test_cookie<\/td>\n<td>Test Cookie, ob Cookies gesetzt werden k\u00f6nnen<\/td>\n<td>Session<\/td>\n<\/tr>\n<tr>\n<td>wordpress_logged_in_*<\/td>\n<td>Speichert den eingeloggten Benutzer<\/td>\n<td>Session<\/td>\n<\/tr>\n<\/tbody>\n<\/table>\n<p>&nbsp;<\/p>\n<p><strong>Social-Media-Plugins<\/strong><\/p>\n<p>Wir setzen keine Social-Media-Plugins wie Facebook-Plugins, Google Plus Plugins oder Twitter-Plugins auf dieser Website ein.<\/p>\n<p>&nbsp;<\/p>\n<p><strong>Google Analytics and Fonts<\/strong><\/p>\n<p>Wir setzen kein Google Analytics und Fonts auf dieser Website ein (aktueller Hinweis).<\/p>\n<p>&nbsp;<\/p>\n<p><strong>Newsletter<\/strong><\/p>\n<p>Wird der Newsletter unseres Unternehmens abonniert, so werden die Daten in der jeweiligen Eingabemaske an den f\u00fcr die Verarbeitung Verantwortlichen \u00fcbermittelt.<br \/>\nDie Anmeldung zu unserem Newsletter erfolgt in einem sog. Double-Opt-In-Verfahren. D.h. Sie erhalten nach der Anmeldung eine E-Mail, in der Sie um die Best\u00e4tigung Ihrer Anmeldung gebeten werden. Diese Best\u00e4tigung ist notwendig, damit sich niemand mit fremden E-Mailadressen anmelden kann. Bei der Anmeldung zum Newsletter werden die IP-Adresse des Nutzers sowie Datum und Uhrzeit der Registrierung sowie Vorname, Nachname, E-Mail, m\u00e4nnlich, oder weiblich gespeichert. Dies dient dazu, einen Missbrauch der Dienste oder der E-Mail-Adresse der betroffenen Person zu verhindern. Eine Weitergabe der Daten an Dritte erfolgt nicht. Eine Ausnahme besteht dann, wenn eine gesetzliche Verpflichtung zur Weitergabe besteht. Die Daten werden ausschlie\u00dflich f\u00fcr den Versand des Newsletters verwendet. Das Abonnement des Newsletters kann durch die betroffene Person jederzeit gek\u00fcndigt werden. Ebenso kann die Einwilligung in die Speicherung der personenbezogenen Daten jederzeit widerrufen werden. Zu diesem Zweck findet sich in jedem Newsletter ein entsprechender Link. Rechtsgrundlage f\u00fcr die Verarbeitung der Daten nach Anmeldung zum Newsletter durch den Nutzer ist bei Vorliegen einer Einwilligung des Nutzers Art. 6 Abs. 1 lit. a) DSGVO. Rechtsgrundlage f\u00fcr den Versand des Newsletters infolge des Verkaufs von Waren oder Dienstleistungen ist \u00a7 7 Abs. 3 UWG.<\/p>\n<p>Nutzung von rapidmail<br \/>\nBeschreibung und Zweck: Wir nutzen rapidmail f\u00fcr den Versand von Newslettern. Der Anbieter ist die rapidmail GmbH, Wentzingerstra\u00dfe, 21, 79106 Freiburg, Deutschland. Mit rapidmail wird u.a. der Versand von Newsletternorganisiert und analysiert. Die von Ihnen f\u00fcr den Zweck des Newsletterbezugs eingegeben Daten werden auf den Servern von rapidmail in Deutschland gespeichert. Wenn Sie keine Analyse durch rapidmail m\u00f6chten, m\u00fcssen Sie den Newsletter abbestellen. Hierf\u00fcr stellen wir in jeder Newsletternachricht einen entsprechenden Link zur Verf\u00fcgung. Des Weiteren k\u00f6nnen Sie den Newsletter auch direkt auf der Website abbestellen. F\u00fcr den Zweck der Analyse enthalten die mit rapidmail versandten E-Mails ein sog. Tracking-Pixel, das sich beim \u00d6ffnen der E-Mail mit den Servern von rapidmail verbindet. Auf diese Weise kann festgestellt werden, ob eine Newsletter-Nachricht ge\u00f6ffnet wurde. Des Weiteren k\u00f6nnen wir mit Hilfe von rapidmail ermitteln, ob und welche Links in der Newsletternachricht angeklickt werden. Bei allen Links in der E-Mail handelt es sich um sogenannte Tracking-Links, mit denen Ihre Klicks gez\u00e4hlt werden k\u00f6nnen.\u00a0Je nachdem mit welcher Schriftart der jeweilige Newsletter gestaltet wird, findet eine Verbindung zu externen Servern wie Google Fonts mit Datenweitergaben an Drittl\u00e4nder wie die USA statt.<br \/>\nRechtsgrundlage: Die Rechtsgrundlage f\u00fcr die Datenverarbeitung ist Art. 6 Abs. 1 lit. a) DSGVO, Ihre explizite Einwilligung.<\/p>\n<p>Empf\u00e4nger: Empf\u00e4nger der Daten ist die rapidmail GmbH.<br \/>\n\u00dcbermittlung an Drittstaaten: Eine \u00dcbermittlung der Prim\u00e4r-Daten in Drittstaaten findet nicht statt.<br \/>\nDauer: Die Ihrerseits im Rahmen der Einwilligung f\u00fcr den Zweck des Newsletters bei uns gespeicherten Daten werden von uns bis zu Ihrer Austragung aus dem Newsletter gespeichert und nach der Abbestellung des Newsletters sowohl von unseren Servern als auch von den Servern von rapidmail gel\u00f6scht. Daten, die zu anderen Zwecken bei uns gespeichert wurden (z.B. E-Mail-Adressen f\u00fcr den Mitgliederbereich) bleiben hiervon unber\u00fchrt.<br \/>\nWiderrufsm\u00f6glichkeit: Sie haben die M\u00f6glichkeit, Ihre Einwilligung zur Datenverarbeitung mit Wirkung f\u00fcr die Zukunft jederzeit zu widerrufen. Die Rechtm\u00e4\u00dfigkeit der bereits erfolgten Datenverarbeitungsvorg\u00e4nge bleibt vom Widerruf unber\u00fchrt.<br \/>\nWeitere Datenschutzhinweise: N\u00e4heres entnehmen Sie den Datensicherheitshinweisen von rapidmail unter: https:\/\/www.rapidmail.de\/datensicherheit. N\u00e4heres zu den Analyse-Funktionen von rapidmail entnehmen Sie folgendem Link: https:\/\/www.rapidmail.de\/wissen-und-hilfe<\/p>\n<p>&nbsp;<\/p>\n<p><strong>Einsatz von Youtube<\/strong><\/p>\n<p>Beschreibung und Zweck<br \/>\nWir nutzen die Plattform YouTube.com, um eigene Videos einzustellen und \u00f6ffentlich zug\u00e4nglich zu machen. Bei YouTube handelt es sich um das Angebot der Google LLC, 1600 Amphitheatre Parkway Mountain View, CA 94043, USA. Einige Internetseiten unseres Angebotes enthalten Links bzw. Verkn\u00fcpfungen zu dem Angebot von YouTube. Generell gilt, dass wir f\u00fcr die Inhalte von Internetseiten, auf die verlinkt wird, nicht verantwortlich sind. F\u00fcr den Fall, dass Sie einem Link auf YouTube folgen, weisen wir aber darauf hin, dass YouTube die Daten ihrer Nutzer (z.B. pers\u00f6nliche Informationen, IP-Adresse) entsprechend ihrer eigenen Datenverwendungsrichtlinien abspeichert und f\u00fcr gesch\u00e4ftliche Zwecke nutzt. Wir binden auf einigen unserer Internetseiten auch bei YouTube gespeicherte Videos unmittelbar ein. Bei dieser Einbindung werden in Teilbereichen eines Browserfensters Inhalte der YouTube Internetseite abgebildet. Die YouTube-Videos werden jedoch erst durch gesondertes Anklicken abgerufen. Diese Technik wird auch \u201eFraming\u201c genannt. Wenn Sie eine (Unter-)Seite unseres Internetangebots aufrufen, auf der YouTube-Videos in dieser Form eingebunden sind, wird eine Verbindung zu den YouTube-Servern hergestellt und dabei der Inhalt durch Mitteilung an Ihren Browser auf der Internetseite dargestellt.<\/p>\n<p>Rechtsgrundlage:\u00a0Rechtsgrundlage f\u00fcr die Verarbeitung von personenbezogenen Daten ist eine Einwilligung gem. Art. 6 Abs. 1 lit. a) DSGVO i. V. m. Art. 49 Abs. 1 lit. a) DSGVO \u2013 Einholung Ihrer Einwilligung!<br \/>\nEmpf\u00e4nger:\u00a0Empf\u00e4nger ist die Google LLC, 1600 Amphitheatre Parkway Mountain View, CA 94043, USA.<br \/>\n\u00dcbermittlung in Drittstaaten:\u00a0Eine \u00dcbermittlung von Daten in die USA findet statt. Genau daher wird hier Ihre Einwilligung abgefragt!<br \/>\nDauer der Datenspeicherung:\u00a0Die Daten werden gel\u00f6scht, sobald sie f\u00fcr die Erreichung des Zweckes ihrer Erhebung nicht mehr erforderlich sind. Dar\u00fcber hinaus werden die Daten gel\u00f6scht, sofern Sie Ihre Einwilligung widerrufen bzw. die L\u00f6schung der personenbezogenen Daten verlangen.<br \/>\nWiderspruchsm\u00f6glichkeit:\u00a0Sie haben die M\u00f6glichkeit, Ihre Einwilligung zur Datenverarbeitung jederzeit zu widerrufen. Ein Widerruf wirkt sich auf die Wirksamkeit von in der Vergangenheit liegenden Datenverarbeitungsvorg\u00e4ngen nicht aus.<br \/>\nVertragliche oder gesetzliche Pflicht<br \/>\nEs besteht keine vertragliche oder gesetzliche Pflicht f\u00fcr die Bereitstellung der Daten.<br \/>\nWeitere Datenschutzhinweise via Link<br \/>\nhttps:\/\/policies.google.com\/privacy<\/p>\n<p>&nbsp;<\/p>\n<p><strong>Gesch\u00fctzter Downloadbereich<\/strong><\/p>\n<p>M\u00f6chten Sie Zugang zu unserem gesch\u00fctzten Downloadbereich bekommen, wenden Sie sich bitte an mail@buesche.de. Die H. B\u00dcSCHE GmbH &amp; Co. KG vergibt ihnen ein Benutzernamen und ein Passwort. Der Benutzername und das Passwort k\u00f6nnen jederzeit unsererseits dem User entzogen werden.<\/p>\n<p>&nbsp;<\/p>\n<p><strong>Nutzung SSL-Verschl\u00fcsselung<\/strong><\/p>\n<p>Wir verwenden aus Gr\u00fcnden der Sicherheit und zum Schutz der \u00dcbertragung vertraulicher Inhalte, die Sie an uns als Website-Betreiber senden, eine sogenannte SSL-Verschl\u00fcsselung. Man erkennt dies an der Anzeige in der Adresszeile im Browser, die von http:\/\/ auf https:\/\/ wechselt und an einem Schloss-Symbol. Dadurch k\u00f6nnen die Daten, die Sie an uns \u00fcbermitteln, nicht von Dritten mitgelesen werden.<br \/>\nDaten im Hause B\u00fcsche bei Kontakt und Userdaten<br \/>\nAlle erfassten Daten, die auch sp\u00e4ter im Hause B\u00fcsche verwendet werden, werden nach besten technischen und organisatorischen Methoden nach DSGVO verwaltet!<\/p>\n<p>&nbsp;<\/p>\n<p><strong>Erfassung und Verarbeitung personenbezogener Daten<\/strong><\/p>\n<p>Der Websitebetreiber erhebt, nutzt und gibt Ihre personenbezogenen Daten nur dann weiter, wenn dies im gesetzlichen Rahmen erlaubt ist oder Sie in die Datenerhebung einwilligen.<br \/>\nAls personenbezogene Daten gelten s\u00e4mtliche Informationen, welche dazu dienen, Ihre Person zu bestimmen und welche zu Ihnen zur\u00fcckverfolgt werden k\u00f6nnen \u2013 also beispielsweise Ihr Name, Ihre E-Mail-Adresse und Telefonnummer.<br \/>\nDiese Website k\u00f6nnen Sie auch besuchen, ohne Angaben zu Ihrer Person zu machen. Zur Verbesserung unseres Online-Angebotes speichern wir jedoch (ohne Personenbezug) Ihre Zugriffsdaten auf diese Website. Zu diesen Zugriffsdaten geh\u00f6ren z. B. die von Ihnen angeforderte Datei oder der Name Ihres Internet-Providers. Durch die Anonymisierung der Daten sind R\u00fcckschl\u00fcsse auf Ihre Person nicht m\u00f6glich.<\/p>\n<p>&nbsp;<\/p>\n<p><strong>Umgang mit Kontaktdaten<\/strong><\/p>\n<p>Nehmen Sie mit dem Websitebetreiber durch die angebotenen Kontaktm\u00f6glichkeiten Verbindung auf, werden Ihre Angaben gespeichert, damit auf diese zur Bearbeitung und Beantwortung Ihrer Anfrage zur\u00fcckgegriffen werden kann. Ohne Ihre Einwilligung werden diese Daten nicht an Dritte weitergegeben.<\/p>\n<p>&nbsp;<\/p>\n<h3>Rechte des Nutzers<\/h3>\n<p><strong>Auskunftspflicht<\/strong><\/p>\n<p>Sie haben als Nutzer das Recht, auf Antrag eine kostenlose Auskunft dar\u00fcber zu erhalten, welche personenbezogenen Daten \u00fcber Sie gespeichert wurden. Sie haben au\u00dferdem das Recht auf Berichtigung falscher Daten und auf die Verarbeitungseinschr\u00e4nkung oder L\u00f6schung Ihrer personenbezogenen Daten. Falls zutreffend, k\u00f6nnen Sie auch Ihr Recht auf Datenportabilit\u00e4t geltend machen. Sollten Sie annehmen, dass Ihre Daten unrechtm\u00e4\u00dfig verarbeitet wurden, k\u00f6nnen Sie eine Beschwerde bei der zust\u00e4ndigen Aufsichtsbeh\u00f6rde einreichen.<\/p>\n<p><strong>L\u00f6schung von Daten<\/strong><\/p>\n<p>Sofern Ihr Wunsch nicht mit einer gesetzlichen Pflicht zur Aufbewahrung von Daten (z. B. Vorratsdatenspeicherung) kollidiert, haben Sie ein Anrecht auf L\u00f6schung Ihrer Daten. Von uns gespeicherte Daten werden, sollten sie f\u00fcr ihre Zweckbestimmung nicht mehr vonn\u00f6ten sein und es keine gesetzlichen Aufbewahrungsfristen geben, gel\u00f6scht. Falls eine L\u00f6schung nicht durchgef\u00fchrt werden kann, da die Daten f\u00fcr zul\u00e4ssige gesetzliche Zwecke erforderlich sind, erfolgt eine Einschr\u00e4nkung der Datenverarbeitung. In diesem Fall werden die Daten gesperrt und nicht f\u00fcr andere Zwecke verarbeitet.<\/p>\n<p><strong>Widerspruchsrecht<\/strong><\/p>\n<p>Nutzer dieser Webseite k\u00f6nnen von ihrem Widerspruchsrecht Gebrauch machen und der Verarbeitung ihrer personenbezogenen Daten zu jeder Zeit widersprechen.<br \/>\nWenn Sie eine Berichtigung, Sperrung, L\u00f6schung oder Auskunft \u00fcber die zu Ihrer Person gespeicherten personenbezogenen Daten w\u00fcnschen oder Fragen bzgl. der Erhebung, Verarbeitung oder Verwendung Ihrer personenbezogenen Daten haben oder erteilte Einwilligungen widerrufen m\u00f6chten, wenden Sie sich bitte an folgende E-Mail- Adresse: datenschutz@buesche.de<\/p>\n<p>&nbsp;<\/p>\n<p><strong>Kontakt generell f\u00fcr alle Anliegen im Datenschutz: datenschutz@buesche.de<\/strong><\/p>\n<p>&nbsp;<\/p>\n<p><strong>Zust\u00e4ndige Aufsichtsbeh\u00f6rde:<\/strong><\/p>\n<p>Landesbeauftragte f\u00fcr Datenschutz und Informationsfreiheit Nordrhein-Westfalen www.ldi.nrw.de<\/p>\n","protected":false},"excerpt":{"rendered":"<p>Verantwortlicher im Datenschutz H. B\u00fcsche GmbH &amp; Co. KG Anschrift: Neue M\u00fchle 4, 58809 Neuenrade Telefon: +49 (0)2392 \/ 69090 E-Mail: mail@buesche.de &nbsp; Grundlegendes Wir nehmen den Datenschutz nach DSGVO sehr ernst! Diese Datenschutzerkl\u00e4rung soll die Nutzer dieser Website \u00fcber die Art, den Umfang und den Zweck der Erhebung und Verwendung personenbezogener Daten durch den [&hellip;]<\/p>\n","protected":false},"author":1,"featured_media":0,"parent":0,"menu_order":0,"comment_status":"closed","ping_status":"closed","template":"","meta":{"_acf_changed":false,"footnotes":""},"class_list":["post-3569","page","type-page","status-publish","hentry"],"acf":[],"yoast_head":"<!-- This site is optimized with the Yoast SEO plugin v27.3 - https:\/\/yoast.com\/product\/yoast-seo-wordpress\/ -->\n<title>DATENSCHUTZ IT - B\u00fcsche<\/title>\n<meta name=\"robots\" content=\"noindex, follow, max-snippet:-1, max-image-preview:large, max-video-preview:-1\" \/>\n<meta property=\"og:locale\" content=\"it_IT\" \/>\n<meta property=\"og:type\" content=\"article\" \/>\n<meta property=\"og:title\" content=\"DATENSCHUTZ IT - B\u00fcsche\" \/>\n<meta property=\"og:description\" content=\"Verantwortlicher im Datenschutz H. B\u00fcsche GmbH &amp; Co. KG Anschrift: Neue M\u00fchle 4, 58809 Neuenrade Telefon: +49 (0)2392 \/ 69090 E-Mail: mail@buesche.de &nbsp; Grundlegendes Wir nehmen den Datenschutz nach DSGVO sehr ernst! Diese Datenschutzerkl\u00e4rung soll die Nutzer dieser Website \u00fcber die Art, den Umfang und den Zweck der Erhebung und Verwendung personenbezogener Daten durch den [&hellip;]\" \/>\n<meta property=\"og:url\" content=\"https:\/\/buesche.likemachines.dev\/it\/datenschutz\/\" \/>\n<meta property=\"og:site_name\" content=\"B\u00fcsche\" \/>\n<meta property=\"article:publisher\" content=\"https:\/\/www.facebook.com\/HBuescheGmbH\/\" \/>\n<meta property=\"article:modified_time\" content=\"2026-03-31T11:18:14+00:00\" \/>\n<meta name=\"twitter:card\" content=\"summary_large_image\" \/>\n<meta name=\"twitter:label1\" content=\"Est. reading time\" \/>\n\t<meta name=\"twitter:data1\" content=\"11 minutes\" \/>\n<script type=\"application\/ld+json\" class=\"yoast-schema-graph\">{\"@context\":\"https:\\\/\\\/schema.org\",\"@graph\":[{\"@type\":\"WebPage\",\"@id\":\"https:\\\/\\\/buesche.likemachines.dev\\\/it\\\/datenschutz\\\/\",\"url\":\"https:\\\/\\\/buesche.likemachines.dev\\\/it\\\/datenschutz\\\/\",\"name\":\"DATENSCHUTZ IT - B\u00fcsche\",\"isPartOf\":{\"@id\":\"https:\\\/\\\/buesche.likemachines.dev\\\/#website\"},\"datePublished\":\"2022-08-08T12:14:13+00:00\",\"dateModified\":\"2026-03-31T11:18:14+00:00\",\"breadcrumb\":{\"@id\":\"https:\\\/\\\/buesche.likemachines.dev\\\/it\\\/datenschutz\\\/#breadcrumb\"},\"inLanguage\":\"it-IT\",\"potentialAction\":[{\"@type\":\"ReadAction\",\"target\":[\"https:\\\/\\\/buesche.likemachines.dev\\\/it\\\/datenschutz\\\/\"]}]},{\"@type\":\"BreadcrumbList\",\"@id\":\"https:\\\/\\\/buesche.likemachines.dev\\\/it\\\/datenschutz\\\/#breadcrumb\",\"itemListElement\":[{\"@type\":\"ListItem\",\"position\":1,\"name\":\"Startseite\",\"item\":\"https:\\\/\\\/buesche.likemachines.dev\\\/it\\\/\"},{\"@type\":\"ListItem\",\"position\":2,\"name\":\"DATENSCHUTZ IT\"}]},{\"@type\":\"WebSite\",\"@id\":\"https:\\\/\\\/buesche.likemachines.dev\\\/#website\",\"url\":\"https:\\\/\\\/buesche.likemachines.dev\\\/\",\"name\":\"B\u00fcsche\",\"description\":\"Hochwertige Vorhanggarnituren\",\"potentialAction\":[{\"@type\":\"SearchAction\",\"target\":{\"@type\":\"EntryPoint\",\"urlTemplate\":\"https:\\\/\\\/buesche.likemachines.dev\\\/?s={search_term_string}\"},\"query-input\":{\"@type\":\"PropertyValueSpecification\",\"valueRequired\":true,\"valueName\":\"search_term_string\"}}],\"inLanguage\":\"it-IT\"}]}<\/script>\n<!-- \/ Yoast SEO plugin. -->","yoast_head_json":{"title":"DATENSCHUTZ IT - B\u00fcsche","robots":{"index":"noindex","follow":"follow","max-snippet":"max-snippet:-1","max-image-preview":"max-image-preview:large","max-video-preview":"max-video-preview:-1"},"og_locale":"it_IT","og_type":"article","og_title":"DATENSCHUTZ IT - B\u00fcsche","og_description":"Verantwortlicher im Datenschutz H. B\u00fcsche GmbH &amp; Co. KG Anschrift: Neue M\u00fchle 4, 58809 Neuenrade Telefon: +49 (0)2392 \/ 69090 E-Mail: mail@buesche.de &nbsp; Grundlegendes Wir nehmen den Datenschutz nach DSGVO sehr ernst! Diese Datenschutzerkl\u00e4rung soll die Nutzer dieser Website \u00fcber die Art, den Umfang und den Zweck der Erhebung und Verwendung personenbezogener Daten durch den [&hellip;]","og_url":"https:\/\/buesche.likemachines.dev\/it\/datenschutz\/","og_site_name":"B\u00fcsche","article_publisher":"https:\/\/www.facebook.com\/HBuescheGmbH\/","article_modified_time":"2026-03-31T11:18:14+00:00","twitter_card":"summary_large_image","twitter_misc":{"Est. reading time":"11 minutes"},"schema":{"@context":"https:\/\/schema.org","@graph":[{"@type":"WebPage","@id":"https:\/\/buesche.likemachines.dev\/it\/datenschutz\/","url":"https:\/\/buesche.likemachines.dev\/it\/datenschutz\/","name":"DATENSCHUTZ IT - B\u00fcsche","isPartOf":{"@id":"https:\/\/buesche.likemachines.dev\/#website"},"datePublished":"2022-08-08T12:14:13+00:00","dateModified":"2026-03-31T11:18:14+00:00","breadcrumb":{"@id":"https:\/\/buesche.likemachines.dev\/it\/datenschutz\/#breadcrumb"},"inLanguage":"it-IT","potentialAction":[{"@type":"ReadAction","target":["https:\/\/buesche.likemachines.dev\/it\/datenschutz\/"]}]},{"@type":"BreadcrumbList","@id":"https:\/\/buesche.likemachines.dev\/it\/datenschutz\/#breadcrumb","itemListElement":[{"@type":"ListItem","position":1,"name":"Startseite","item":"https:\/\/buesche.likemachines.dev\/it\/"},{"@type":"ListItem","position":2,"name":"DATENSCHUTZ IT"}]},{"@type":"WebSite","@id":"https:\/\/buesche.likemachines.dev\/#website","url":"https:\/\/buesche.likemachines.dev\/","name":"B\u00fcsche","description":"Hochwertige Vorhanggarnituren","potentialAction":[{"@type":"SearchAction","target":{"@type":"EntryPoint","urlTemplate":"https:\/\/buesche.likemachines.dev\/?s={search_term_string}"},"query-input":{"@type":"PropertyValueSpecification","valueRequired":true,"valueName":"search_term_string"}}],"inLanguage":"it-IT"}]}},"_links":{"self":[{"href":"https:\/\/buesche.likemachines.dev\/it\/wp-json\/wp\/v2\/pages\/3569","targetHints":{"allow":["GET"]}}],"collection":[{"href":"https:\/\/buesche.likemachines.dev\/it\/wp-json\/wp\/v2\/pages"}],"about":[{"href":"https:\/\/buesche.likemachines.dev\/it\/wp-json\/wp\/v2\/types\/page"}],"author":[{"embeddable":true,"href":"https:\/\/buesche.likemachines.dev\/it\/wp-json\/wp\/v2\/users\/1"}],"replies":[{"embeddable":true,"href":"https:\/\/buesche.likemachines.dev\/it\/wp-json\/wp\/v2\/comments?post=3569"}],"version-history":[{"count":1,"href":"https:\/\/buesche.likemachines.dev\/it\/wp-json\/wp\/v2\/pages\/3569\/revisions"}],"predecessor-version":[{"id":7291,"href":"https:\/\/buesche.likemachines.dev\/it\/wp-json\/wp\/v2\/pages\/3569\/revisions\/7291"}],"wp:attachment":[{"href":"https:\/\/buesche.likemachines.dev\/it\/wp-json\/wp\/v2\/media?parent=3569"}],"curies":[{"name":"wp","href":"https:\/\/api.w.org\/{rel}","templated":true}]}}