{"id":3572,"date":"2022-08-08T14:14:13","date_gmt":"2022-08-08T12:14:13","guid":{"rendered":"https:\/\/buesche.de\/impressum\/"},"modified":"2022-08-08T14:14:13","modified_gmt":"2022-08-08T12:14:13","slug":"impressum","status":"publish","type":"page","link":"https:\/\/buesche.likemachines.dev\/it\/impressum\/","title":{"rendered":"IMPRESSUM"},"content":{"rendered":"<p>H. B\u00fcsche GmbH &#038; Co. KG<\/p>\n<p>Anschrift: Neue M\u00fchle 4, 58809 Neuenrade<br \/>\nTelefon: +49 (0)2392 \/ 69090<br \/>\nTelefax: +49 (0)2392 \/ 690949<br \/>\nE-Mail: mail@buesche.de<\/p>\n<p>Rechtsform: Kommanditgesellschaft<br \/>\nSitz: Neuenrade<br \/>\nHandelsregister: Amtsgericht Iserlohn HRA 3671<\/p>\n<p>Vertreten durch die pers\u00f6nlich haftende Gesellschafterin:<br \/>\nNeue M\u00fchle Verwaltungs-GmbH<br \/>\nSitz: Neuenrade<br \/>\nHandelsregister: Amtsgericht Iserlohn HRB 5115<br \/>\nGesch\u00e4ftsf\u00fchrer: Fernando Sanchez<\/p>\n<p>Umsatzsteuer-Identifikationsnummer: DE 123 842 192<\/p>\n","protected":false},"excerpt":{"rendered":"<p>H. B\u00fcsche GmbH &#038; Co. KG Anschrift: Neue M\u00fchle 4, 58809 Neuenrade Telefon: +49 (0)2392 \/ 69090 Telefax: +49 (0)2392 \/ 690949 E-Mail: mail@buesche.de Rechtsform: Kommanditgesellschaft Sitz: Neuenrade Handelsregister: Amtsgericht Iserlohn HRA 3671 Vertreten durch die pers\u00f6nlich haftende Gesellschafterin: Neue M\u00fchle Verwaltungs-GmbH Sitz: Neuenrade Handelsregister: Amtsgericht Iserlohn HRB 5115 Gesch\u00e4ftsf\u00fchrer: Fernando Sanchez Umsatzsteuer-Identifikationsnummer: DE 123 [&hellip;]<\/p>\n","protected":false},"author":1,"featured_media":0,"parent":0,"menu_order":0,"comment_status":"closed","ping_status":"closed","template":"","meta":{"_acf_changed":false,"footnotes":""},"class_list":["post-3572","page","type-page","status-publish","hentry"],"acf":[],"yoast_head":"<!-- This site is optimized with the Yoast SEO plugin v27.3 - https:\/\/yoast.com\/product\/yoast-seo-wordpress\/ -->\n<title>IMPRESSUM - B\u00fcsche<\/title>\n<meta name=\"robots\" content=\"noindex, follow, max-snippet:-1, max-image-preview:large, max-video-preview:-1\" \/>\n<meta property=\"og:locale\" content=\"it_IT\" \/>\n<meta property=\"og:type\" content=\"article\" \/>\n<meta property=\"og:title\" content=\"IMPRESSUM - B\u00fcsche\" \/>\n<meta property=\"og:description\" content=\"H. B\u00fcsche GmbH &#038; Co. KG Anschrift: Neue M\u00fchle 4, 58809 Neuenrade Telefon: +49 (0)2392 \/ 69090 Telefax: +49 (0)2392 \/ 690949 E-Mail: mail@buesche.de Rechtsform: Kommanditgesellschaft Sitz: Neuenrade Handelsregister: Amtsgericht Iserlohn HRA 3671 Vertreten durch die pers\u00f6nlich haftende Gesellschafterin: Neue M\u00fchle Verwaltungs-GmbH Sitz: Neuenrade Handelsregister: Amtsgericht Iserlohn HRB 5115 Gesch\u00e4ftsf\u00fchrer: Fernando Sanchez Umsatzsteuer-Identifikationsnummer: DE 123 [&hellip;]\" \/>\n<meta property=\"og:url\" content=\"https:\/\/buesche.likemachines.dev\/it\/impressum\/\" \/>\n<meta property=\"og:site_name\" content=\"B\u00fcsche\" \/>\n<meta property=\"article:publisher\" content=\"https:\/\/www.facebook.com\/HBuescheGmbH\/\" \/>\n<meta name=\"twitter:card\" content=\"summary_large_image\" \/>\n<script type=\"application\/ld+json\" class=\"yoast-schema-graph\">{\"@context\":\"https:\\\/\\\/schema.org\",\"@graph\":[{\"@type\":\"WebPage\",\"@id\":\"https:\\\/\\\/buesche.likemachines.dev\\\/it\\\/impressum\\\/\",\"url\":\"https:\\\/\\\/buesche.likemachines.dev\\\/it\\\/impressum\\\/\",\"name\":\"IMPRESSUM - B\u00fcsche\",\"isPartOf\":{\"@id\":\"https:\\\/\\\/buesche.likemachines.dev\\\/#website\"},\"datePublished\":\"2022-08-08T12:14:13+00:00\",\"breadcrumb\":{\"@id\":\"https:\\\/\\\/buesche.likemachines.dev\\\/it\\\/impressum\\\/#breadcrumb\"},\"inLanguage\":\"it-IT\",\"potentialAction\":[{\"@type\":\"ReadAction\",\"target\":[\"https:\\\/\\\/buesche.likemachines.dev\\\/it\\\/impressum\\\/\"]}]},{\"@type\":\"BreadcrumbList\",\"@id\":\"https:\\\/\\\/buesche.likemachines.dev\\\/it\\\/impressum\\\/#breadcrumb\",\"itemListElement\":[{\"@type\":\"ListItem\",\"position\":1,\"name\":\"Startseite\",\"item\":\"https:\\\/\\\/buesche.likemachines.dev\\\/it\\\/\"},{\"@type\":\"ListItem\",\"position\":2,\"name\":\"IMPRESSUM\"}]},{\"@type\":\"WebSite\",\"@id\":\"https:\\\/\\\/buesche.likemachines.dev\\\/#website\",\"url\":\"https:\\\/\\\/buesche.likemachines.dev\\\/\",\"name\":\"B\u00fcsche\",\"description\":\"Hochwertige Vorhanggarnituren\",\"potentialAction\":[{\"@type\":\"SearchAction\",\"target\":{\"@type\":\"EntryPoint\",\"urlTemplate\":\"https:\\\/\\\/buesche.likemachines.dev\\\/?s={search_term_string}\"},\"query-input\":{\"@type\":\"PropertyValueSpecification\",\"valueRequired\":true,\"valueName\":\"search_term_string\"}}],\"inLanguage\":\"it-IT\"}]}<\/script>\n<!-- \/ Yoast SEO plugin. -->","yoast_head_json":{"title":"IMPRESSUM - B\u00fcsche","robots":{"index":"noindex","follow":"follow","max-snippet":"max-snippet:-1","max-image-preview":"max-image-preview:large","max-video-preview":"max-video-preview:-1"},"og_locale":"it_IT","og_type":"article","og_title":"IMPRESSUM - B\u00fcsche","og_description":"H. B\u00fcsche GmbH &#038; Co. KG Anschrift: Neue M\u00fchle 4, 58809 Neuenrade Telefon: +49 (0)2392 \/ 69090 Telefax: +49 (0)2392 \/ 690949 E-Mail: mail@buesche.de Rechtsform: Kommanditgesellschaft Sitz: Neuenrade Handelsregister: Amtsgericht Iserlohn HRA 3671 Vertreten durch die pers\u00f6nlich haftende Gesellschafterin: Neue M\u00fchle Verwaltungs-GmbH Sitz: Neuenrade Handelsregister: Amtsgericht Iserlohn HRB 5115 Gesch\u00e4ftsf\u00fchrer: Fernando Sanchez Umsatzsteuer-Identifikationsnummer: DE 123 [&hellip;]","og_url":"https:\/\/buesche.likemachines.dev\/it\/impressum\/","og_site_name":"B\u00fcsche","article_publisher":"https:\/\/www.facebook.com\/HBuescheGmbH\/","twitter_card":"summary_large_image","schema":{"@context":"https:\/\/schema.org","@graph":[{"@type":"WebPage","@id":"https:\/\/buesche.likemachines.dev\/it\/impressum\/","url":"https:\/\/buesche.likemachines.dev\/it\/impressum\/","name":"IMPRESSUM - B\u00fcsche","isPartOf":{"@id":"https:\/\/buesche.likemachines.dev\/#website"},"datePublished":"2022-08-08T12:14:13+00:00","breadcrumb":{"@id":"https:\/\/buesche.likemachines.dev\/it\/impressum\/#breadcrumb"},"inLanguage":"it-IT","potentialAction":[{"@type":"ReadAction","target":["https:\/\/buesche.likemachines.dev\/it\/impressum\/"]}]},{"@type":"BreadcrumbList","@id":"https:\/\/buesche.likemachines.dev\/it\/impressum\/#breadcrumb","itemListElement":[{"@type":"ListItem","position":1,"name":"Startseite","item":"https:\/\/buesche.likemachines.dev\/it\/"},{"@type":"ListItem","position":2,"name":"IMPRESSUM"}]},{"@type":"WebSite","@id":"https:\/\/buesche.likemachines.dev\/#website","url":"https:\/\/buesche.likemachines.dev\/","name":"B\u00fcsche","description":"Hochwertige Vorhanggarnituren","potentialAction":[{"@type":"SearchAction","target":{"@type":"EntryPoint","urlTemplate":"https:\/\/buesche.likemachines.dev\/?s={search_term_string}"},"query-input":{"@type":"PropertyValueSpecification","valueRequired":true,"valueName":"search_term_string"}}],"inLanguage":"it-IT"}]}},"_links":{"self":[{"href":"https:\/\/buesche.likemachines.dev\/it\/wp-json\/wp\/v2\/pages\/3572","targetHints":{"allow":["GET"]}}],"collection":[{"href":"https:\/\/buesche.likemachines.dev\/it\/wp-json\/wp\/v2\/pages"}],"about":[{"href":"https:\/\/buesche.likemachines.dev\/it\/wp-json\/wp\/v2\/types\/page"}],"author":[{"embeddable":true,"href":"https:\/\/buesche.likemachines.dev\/it\/wp-json\/wp\/v2\/users\/1"}],"replies":[{"embeddable":true,"href":"https:\/\/buesche.likemachines.dev\/it\/wp-json\/wp\/v2\/comments?post=3572"}],"version-history":[{"count":0,"href":"https:\/\/buesche.likemachines.dev\/it\/wp-json\/wp\/v2\/pages\/3572\/revisions"}],"wp:attachment":[{"href":"https:\/\/buesche.likemachines.dev\/it\/wp-json\/wp\/v2\/media?parent=3572"}],"curies":[{"name":"wp","href":"https:\/\/api.w.org\/{rel}","templated":true}]}}